{"id":124,"date":"2025-01-30T15:50:46","date_gmt":"2025-01-30T14:50:46","guid":{"rendered":"https:\/\/kumenya.ch\/?page_id=124"},"modified":"2025-09-17T17:03:39","modified_gmt":"2025-09-17T15:03:39","slug":"von-der-vorbereitung-zur-disposition","status":"publish","type":"page","link":"https:\/\/kumenya.ch\/?page_id=124","title":{"rendered":"Von der Themensuche zur Disposition"},"content":{"rendered":"\n<hr class=\"wp-block-separator has-alpha-channel-opacity\"\/>\n\n\n\n<p>Auf dieser Seite findest du Info und Tipps zu folgenden Themen:<\/p>\n\n\n\n<ul class=\"wp-block-list\">\n<li>Themensuche und Eingrenzung<\/li>\n\n\n\n<li>Foschungsmethodik<\/li>\n\n\n\n<li>Literatursuche (Recherche)<\/li>\n\n\n\n<li>Theoretischer Rahmen<\/li>\n\n\n\n<li>Disposition <\/li>\n<\/ul>\n\n\n\n<div class=\"wp-block-group alignfull has-global-padding is-layout-constrained wp-block-group-is-layout-constrained\" style=\"margin-top:0;margin-bottom:0;padding-top:var(--wp--preset--spacing--50);padding-bottom:var(--wp--preset--spacing--50)\">\n<div class=\"wp-block-columns alignwide is-layout-flex wp-container-core-columns-is-layout-47c06fe3 wp-block-columns-is-layout-flex\">\n<div class=\"wp-block-column is-layout-flow wp-block-column-is-layout-flow\" style=\"flex-basis:56%\">\n<p><code><div class=\"h5p-iframe-wrapper\"><iframe id=\"h5p-iframe-1\" class=\"h5p-iframe\" data-content-id=\"1\" style=\"height:1px\" src=\"about:blank\" frameBorder=\"0\" scrolling=\"no\" title=\"Themenfindung\"><\/iframe><\/div><\/code><\/p>\n\n\n\n<p><\/p>\n<\/div>\n\n\n\n<div class=\"wp-block-column is-vertically-aligned-center is-layout-flow wp-container-core-column-is-layout-119bc444 wp-block-column-is-layout-flow\">\n<h2 class=\"wp-block-heading\">Die Themensuche und Eingrenzung<\/h2>\n<\/div>\n<\/div>\n<\/div>\n\n\n\n<div class=\"wp-block-group alignfull has-global-padding is-layout-constrained wp-block-group-is-layout-constrained\" style=\"margin-top:0;margin-bottom:0;padding-top:var(--wp--preset--spacing--50);padding-bottom:var(--wp--preset--spacing--50)\">\n<div class=\"wp-block-columns alignwide is-layout-flex wp-container-core-columns-is-layout-47c06fe3 wp-block-columns-is-layout-flex\">\n<div class=\"wp-block-column is-layout-flow wp-block-column-is-layout-flow\" style=\"flex-basis:56%\">\n<p><code><div class=\"h5p-iframe-wrapper\"><iframe id=\"h5p-iframe-2\" class=\"h5p-iframe\" data-content-id=\"2\" style=\"height:1px\" src=\"about:blank\" frameBorder=\"0\" scrolling=\"no\" title=\"Forschungsmethodik\"><\/iframe><\/div><\/code><\/p>\n<\/div>\n\n\n\n<div class=\"wp-block-column is-vertically-aligned-center is-layout-flow wp-container-core-column-is-layout-119bc444 wp-block-column-is-layout-flow\">\n<h2 class=\"wp-block-heading\">Die Forschungsmethodik<\/h2>\n\n\n\n<p>Quiz zur Forschungsmethodik<\/p>\n\n\n\n<p><code><div class=\"h5p-iframe-wrapper\"><iframe id=\"h5p-iframe-8\" class=\"h5p-iframe\" data-content-id=\"8\" style=\"height:1px\" src=\"about:blank\" frameBorder=\"0\" scrolling=\"no\" title=\"Maturaarbeit | Methodenwahl\"><\/iframe><\/div><\/code><\/p>\n<\/div>\n<\/div>\n<\/div>\n\n\n\n<div class=\"wp-block-group alignfull has-global-padding is-layout-constrained wp-block-group-is-layout-constrained\" style=\"margin-top:0;margin-bottom:0;padding-top:var(--wp--preset--spacing--50);padding-bottom:var(--wp--preset--spacing--50)\">\n<div class=\"wp-block-columns alignwide is-layout-flex wp-container-core-columns-is-layout-47c06fe3 wp-block-columns-is-layout-flex\">\n<div class=\"wp-block-column is-layout-flow wp-block-column-is-layout-flow\" style=\"flex-basis:56%\">\n<p><code><code><div class=\"h5p-iframe-wrapper\"><iframe id=\"h5p-iframe-3\" class=\"h5p-iframe\" data-content-id=\"3\" style=\"height:1px\" src=\"about:blank\" frameBorder=\"0\" scrolling=\"no\" title=\"Literatursuche (Recherche)\"><\/iframe><\/div><\/code><\/code><\/p>\n\n\n\n<p><\/p>\n<\/div>\n\n\n\n<div class=\"wp-block-column is-vertically-aligned-center is-layout-flow wp-container-core-column-is-layout-119bc444 wp-block-column-is-layout-flow\">\n<h2 class=\"wp-block-heading\">Die Literatursuche (Recherche)<\/h2>\n\n\n\n<p class=\"has-medium-font-size\">F\u00fcr viele Hausarbeiten und Auftr\u00e4ge wie Referate, Fach- oder Projektarbeiten brauchst du die <strong>richtigen Informationen<\/strong>. Mit Hilfe von Wikipedia kannst du dir einen ersten \u00dcberblick \u00fcber ein Thema verschaffen. Als Quellen m\u00fcssen dann jedoch B\u00fccher, Zeitschriften und (Online-)Artikel her. Wie suchst du nach den Richtigen?<\/p>\n\n\n\n<p class=\"has-medium-font-size\">Dein Thema einfach bei einer Suchmaschine einzugeben, bringt dich nicht weiter. Wenn du an den richtigen Stellen suchst, kannst du Zeit sparen. Denn unter den tausenden Ergebnissen diejenigen zu finden, die <strong>richtig, vertrauensw\u00fcrdig und gepr\u00fcft<\/strong> sind, ist aufw\u00e4ndig.<\/p>\n\n\n\n<p class=\"has-medium-font-size\">Quelle f\u00fcr die Inhalte (Steps und Tipps) der Pr\u00e4sentation links ist <a href=\"https:\/\/www.scribbr.ch\/aufbau-und-gliederung-ch\/literaturrecherche\/\" target=\"_blank\" rel=\"noreferrer noopener\">Scribbr<\/a>.<\/p>\n\n\n\n<div class=\"wp-block-file\"><a id=\"wp-block-file--media-3a77044b-3d16-4dfa-a1b9-7d1a46eeced4\" href=\"https:\/\/kumenya.ch\/wp-content\/uploads\/2025\/02\/rechercheprotokoll-fuer-die-maturaarbeit.docx\">Rechercheprotokoll f\u00fcr die Maturaarbeit<\/a><a href=\"https:\/\/kumenya.ch\/wp-content\/uploads\/2025\/02\/rechercheprotokoll-fuer-die-maturaarbeit.docx\" class=\"wp-block-file__button wp-element-button\" download aria-describedby=\"wp-block-file--media-3a77044b-3d16-4dfa-a1b9-7d1a46eeced4\">Herunterladen<\/a><\/div>\n<\/div>\n<\/div>\n<\/div>\n\n\n\n<div class=\"wp-block-group alignfull has-global-padding is-layout-constrained wp-block-group-is-layout-constrained\" style=\"margin-top:0;margin-bottom:0;padding-top:var(--wp--preset--spacing--50);padding-bottom:var(--wp--preset--spacing--50)\">\n<div class=\"wp-block-columns alignwide is-layout-flex wp-container-core-columns-is-layout-47c06fe3 wp-block-columns-is-layout-flex\">\n<div class=\"wp-block-column is-layout-flow wp-block-column-is-layout-flow\" style=\"flex-basis:56%\">\n<p><code><code><div class=\"h5p-iframe-wrapper\"><iframe id=\"h5p-iframe-4\" class=\"h5p-iframe\" data-content-id=\"4\" style=\"height:1px\" src=\"about:blank\" frameBorder=\"0\" scrolling=\"no\" title=\"Theoretischer Rahmen\"><\/iframe><\/div><\/code><\/code><\/p>\n\n\n\n<p><\/p>\n<\/div>\n\n\n\n<div class=\"wp-block-column is-vertically-aligned-center is-layout-flow wp-container-core-column-is-layout-119bc444 wp-block-column-is-layout-flow\">\n<h2 class=\"wp-block-heading\">Der Theoretische Rahmen<\/h2>\n\n\n\n<p class=\"has-medium-font-size\"><strong>Checkliste<\/strong><\/p>\n\n\n\n<ul class=\"wp-block-list\">\n<li class=\"has-medium-font-size\">Schl\u00fcsselbegriffe werden definiert.<\/li>\n\n\n\n<li class=\"has-medium-font-size\">Relevante Theorien und Modelle werden analysiert.<\/li>\n\n\n\n<li class=\"has-medium-font-size\">Wesentliche Verbindungen zwischen den Konzepten werden aufgedeckt.<\/li>\n\n\n\n<li class=\"has-medium-font-size\">Die wichtigsten wissenschaftlichen Artikel zum Thema werden zitiert.<\/li>\n\n\n\n<li class=\"has-medium-font-size\">Der Theoretische Rahmen hat eine logische Struktur.<\/li>\n\n\n\n<li class=\"has-medium-font-size\">Quellen werden auf korrekte Art und Weise zitiert.<\/li>\n<\/ul>\n\n\n\n<p class=\"has-medium-font-size\"><\/p>\n\n\n\n<p><\/p>\n<\/div>\n<\/div>\n<\/div>\n\n\n\n<div class=\"wp-block-group alignfull has-global-padding is-layout-constrained wp-block-group-is-layout-constrained\" style=\"margin-top:0;margin-bottom:0;padding-top:var(--wp--preset--spacing--50);padding-bottom:var(--wp--preset--spacing--50)\">\n<div class=\"wp-block-columns alignwide is-layout-flex wp-container-core-columns-is-layout-47c06fe3 wp-block-columns-is-layout-flex\">\n<div class=\"wp-block-column is-layout-flow wp-block-column-is-layout-flow\" style=\"flex-basis:56%\">\n<p><code><code><code><div class=\"h5p-iframe-wrapper\"><iframe id=\"h5p-iframe-5\" class=\"h5p-iframe\" data-content-id=\"5\" style=\"height:1px\" src=\"about:blank\" frameBorder=\"0\" scrolling=\"no\" title=\"Disposition\"><\/iframe><\/div><\/code><\/code><\/code><\/p>\n\n\n\n<p><\/p>\n<\/div>\n\n\n\n<div class=\"wp-block-column is-vertically-aligned-center is-layout-flow wp-container-core-column-is-layout-119bc444 wp-block-column-is-layout-flow\">\n<h2 class=\"wp-block-heading\">Die Disposition<\/h2>\n\n\n\n<p class=\"has-medium-font-size\"><\/p>\n\n\n\n<p><\/p>\n<\/div>\n<\/div>\n\n\n\n<div class=\"wp-block-file\"><a id=\"wp-block-file--media-5e3866ff-f36c-4a1e-bc77-2aaa8f782532\" href=\"https:\/\/kumenya.ch\/wp-content\/uploads\/2025\/03\/vorlagedispositionmaturaarbeit.docx\">VorlageDispositionMaturaarbeit<\/a><a href=\"https:\/\/kumenya.ch\/wp-content\/uploads\/2025\/03\/vorlagedispositionmaturaarbeit.docx\" class=\"wp-block-file__button wp-element-button\" download aria-describedby=\"wp-block-file--media-5e3866ff-f36c-4a1e-bc77-2aaa8f782532\">Herunterladen<\/a><\/div>\n<\/div>\n\n\n\n<hr class=\"wp-block-separator has-alpha-channel-opacity\"\/>\n\n\n\n<p><\/p>\n","protected":false},"excerpt":{"rendered":"<p>Auf dieser Seite findest du Info und Tipps zu folgenden Themen: Die Themensuche und Eingrenzung Die Forschungsmethodik Quiz zur Forschungsmethodik Die Literatursuche (Recherche) F\u00fcr viele Hausarbeiten und Auftr\u00e4ge wie Referate, Fach- oder Projektarbeiten brauchst du die richtigen Informationen. Mit Hilfe von Wikipedia kannst du dir einen ersten \u00dcberblick \u00fcber ein Thema verschaffen. Als Quellen m\u00fcssen [&hellip;]<\/p>\n","protected":false},"author":1,"featured_media":0,"parent":115,"menu_order":301,"comment_status":"closed","ping_status":"closed","template":"","meta":{"footnotes":""},"class_list":["post-124","page","type-page","status-publish","hentry"],"jetpack_sharing_enabled":true,"_links":{"self":[{"href":"https:\/\/kumenya.ch\/index.php?rest_route=\/wp\/v2\/pages\/124","targetHints":{"allow":["GET"]}}],"collection":[{"href":"https:\/\/kumenya.ch\/index.php?rest_route=\/wp\/v2\/pages"}],"about":[{"href":"https:\/\/kumenya.ch\/index.php?rest_route=\/wp\/v2\/types\/page"}],"author":[{"embeddable":true,"href":"https:\/\/kumenya.ch\/index.php?rest_route=\/wp\/v2\/users\/1"}],"replies":[{"embeddable":true,"href":"https:\/\/kumenya.ch\/index.php?rest_route=%2Fwp%2Fv2%2Fcomments&post=124"}],"version-history":[{"count":20,"href":"https:\/\/kumenya.ch\/index.php?rest_route=\/wp\/v2\/pages\/124\/revisions"}],"predecessor-version":[{"id":491,"href":"https:\/\/kumenya.ch\/index.php?rest_route=\/wp\/v2\/pages\/124\/revisions\/491"}],"up":[{"embeddable":true,"href":"https:\/\/kumenya.ch\/index.php?rest_route=\/wp\/v2\/pages\/115"}],"wp:attachment":[{"href":"https:\/\/kumenya.ch\/index.php?rest_route=%2Fwp%2Fv2%2Fmedia&parent=124"}],"curies":[{"name":"wp","href":"https:\/\/api.w.org\/{rel}","templated":true}]}}