{"id":170,"date":"2025-02-06T17:09:07","date_gmt":"2025-02-06T16:09:07","guid":{"rendered":"https:\/\/kumenya.ch\/?page_id=170"},"modified":"2026-04-01T15:52:36","modified_gmt":"2026-04-01T13:52:36","slug":"zotero","status":"publish","type":"page","link":"https:\/\/kumenya.ch\/?page_id=170","title":{"rendered":"Zotero"},"content":{"rendered":"\n<p><strong>Zotero<\/strong> ist ein kostenloses, benutzerfreundliches Programm zur Verwaltung von Literaturquellen. Es hilft dir, Quellen zu sammeln, zu organisieren, zu zitieren und zu teilen. Hier sind die wichtigsten Funktionen:<\/p>\n\n\n\n<ol class=\"wp-block-list\">\n<li><strong>Literaturverwaltung<\/strong>: Speichere und organisiere die bibliographischen Daten von B\u00fcchern, Artikeln, Webseiten und mehr.<\/li>\n\n\n\n<li><strong>Automatische Erfassung<\/strong>: F\u00fcge Quellen direkt aus deinem Browser hinzu.<\/li>\n\n\n\n<li><strong>Zitationsstile<\/strong>: Erstelle automatisch Literaturverzeichnisse in verschiedenen Zitierstilen.<\/li>\n<\/ol>\n\n\n\n<p>Zotero ist besonders n\u00fctzlich f\u00fcr wissenschaftliche Arbeiten und Projekte. <\/p>\n\n\n\n<p>Unten findest du Tutorials zur Installation, Datenimport und zur Anwendung.<\/p>\n\n\n\n<p>Hast du noch Fragen dazu? Dann melde dich bei deiner Betreuerin oder deinem Betreuer oder bei der Schulbibliotheksleitung \ud83d\ude0a.<\/p>\n\n\n\n<div class=\"wp-block-group alignfull has-global-padding is-layout-constrained wp-block-group-is-layout-constrained\" style=\"margin-top:0;margin-bottom:0;padding-top:var(--wp--preset--spacing--50);padding-bottom:var(--wp--preset--spacing--50)\">\n<div class=\"wp-block-columns alignwide is-layout-flex wp-container-core-columns-is-layout-47c06fe3 wp-block-columns-is-layout-flex\">\n<div class=\"wp-block-column is-layout-flow wp-block-column-is-layout-flow\" style=\"flex-basis:56%\">\n<figure class=\"wp-block-video\"><video height=\"1080\" style=\"aspect-ratio: 1920 \/ 1080;\" width=\"1920\" controls src=\"https:\/\/kumenya.ch\/wp-content\/uploads\/2025\/02\/zoterodownloadundeinstellungen2.mp4\"><\/video><\/figure>\n<\/div>\n\n\n\n<div class=\"wp-block-column is-vertically-aligned-center is-layout-flow wp-container-core-column-is-layout-119bc444 wp-block-column-is-layout-flow\">\n<h2 class=\"wp-block-heading\">Installation<\/h2>\n\n\n\n<p>Download und Einstellungen<\/p>\n<\/div>\n<\/div>\n<\/div>\n\n\n\n<div class=\"wp-block-group alignfull has-global-padding is-layout-constrained wp-block-group-is-layout-constrained\" style=\"margin-top:0;margin-bottom:0;padding-top:var(--wp--preset--spacing--50);padding-bottom:var(--wp--preset--spacing--50)\">\n<div class=\"wp-block-columns alignwide is-layout-flex wp-container-core-columns-is-layout-47c06fe3 wp-block-columns-is-layout-flex\">\n<div class=\"wp-block-column is-layout-flow wp-block-column-is-layout-flow\" style=\"flex-basis:56%\">\n<figure class=\"wp-block-video\"><video height=\"540\" style=\"aspect-ratio: 960 \/ 540;\" width=\"960\" controls src=\"https:\/\/kumenya.ch\/wp-content\/uploads\/2025\/02\/zoterobibliogrdatenimport2.mp4\"><\/video><\/figure>\n<\/div>\n\n\n\n<div class=\"wp-block-column is-vertically-aligned-center is-layout-flow wp-container-core-column-is-layout-119bc444 wp-block-column-is-layout-flow\">\n<h2 class=\"wp-block-heading\">Import bilbiografischer Daten<\/h2>\n\n\n\n<p><\/p>\n<\/div>\n<\/div>\n<\/div>\n\n\n\n<div class=\"wp-block-group alignfull has-global-padding is-layout-constrained wp-block-group-is-layout-constrained\" style=\"margin-top:0;margin-bottom:0;padding-top:var(--wp--preset--spacing--50);padding-bottom:var(--wp--preset--spacing--50)\">\n<div class=\"wp-block-columns alignwide is-layout-flex wp-container-core-columns-is-layout-47c06fe3 wp-block-columns-is-layout-flex\">\n<div class=\"wp-block-column is-layout-flow wp-block-column-is-layout-flow\" style=\"flex-basis:56%\">\n<figure class=\"wp-block-video\"><video height=\"540\" style=\"aspect-ratio: 960 \/ 540;\" width=\"960\" controls src=\"https:\/\/kumenya.ch\/wp-content\/uploads\/2025\/02\/zotero-in-action2.mp4\"><\/video><\/figure>\n<\/div>\n\n\n\n<div class=\"wp-block-column is-vertically-aligned-center is-layout-flow wp-container-core-column-is-layout-119bc444 wp-block-column-is-layout-flow\">\n<h2 class=\"wp-block-heading\">Zotero in Action<\/h2>\n\n\n\n<p>Dieses Video ist im Zusammenhang einer Weiterbildung entstanden. Annas Setting passt also nicht haargenau.<\/p>\n\n\n\n<p>Nichtsdestotrotz erkl\u00e4rt das Video ausf\u00fchrlich, wie du Zotero f\u00fcr deine Arbeit nutzt.<\/p>\n\n\n\n<p>Bei Fragen wende dich an deine Betreuerin \/ deinen Betreuer oder an die Schulbibliotheksleitung.<\/p>\n<\/div>\n<\/div>\n<\/div>\n\n\n\n<p><\/p>\n","protected":false},"excerpt":{"rendered":"<p>Zotero ist ein kostenloses, benutzerfreundliches Programm zur Verwaltung von Literaturquellen. Es hilft dir, Quellen zu sammeln, zu organisieren, zu zitieren und zu teilen. Hier sind die wichtigsten Funktionen: Zotero ist besonders n\u00fctzlich f\u00fcr wissenschaftliche Arbeiten und Projekte. Unten findest du Tutorials zur Installation, Datenimport und zur Anwendung. Hast du noch Fragen dazu? Dann melde dich [&hellip;]<\/p>\n","protected":false},"author":1,"featured_media":0,"parent":115,"menu_order":304,"comment_status":"closed","ping_status":"closed","template":"","meta":{"footnotes":""},"class_list":["post-170","page","type-page","status-publish","hentry"],"jetpack_sharing_enabled":true,"_links":{"self":[{"href":"https:\/\/kumenya.ch\/index.php?rest_route=\/wp\/v2\/pages\/170","targetHints":{"allow":["GET"]}}],"collection":[{"href":"https:\/\/kumenya.ch\/index.php?rest_route=\/wp\/v2\/pages"}],"about":[{"href":"https:\/\/kumenya.ch\/index.php?rest_route=\/wp\/v2\/types\/page"}],"author":[{"embeddable":true,"href":"https:\/\/kumenya.ch\/index.php?rest_route=\/wp\/v2\/users\/1"}],"replies":[{"embeddable":true,"href":"https:\/\/kumenya.ch\/index.php?rest_route=%2Fwp%2Fv2%2Fcomments&post=170"}],"version-history":[{"count":9,"href":"https:\/\/kumenya.ch\/index.php?rest_route=\/wp\/v2\/pages\/170\/revisions"}],"predecessor-version":[{"id":259,"href":"https:\/\/kumenya.ch\/index.php?rest_route=\/wp\/v2\/pages\/170\/revisions\/259"}],"up":[{"embeddable":true,"href":"https:\/\/kumenya.ch\/index.php?rest_route=\/wp\/v2\/pages\/115"}],"wp:attachment":[{"href":"https:\/\/kumenya.ch\/index.php?rest_route=%2Fwp%2Fv2%2Fmedia&parent=170"}],"curies":[{"name":"wp","href":"https:\/\/api.w.org\/{rel}","templated":true}]}}